{"id":201,"date":"2021-01-07T11:33:36","date_gmt":"2021-01-07T10:33:36","guid":{"rendered":"https:\/\/www.hotellsportandrest.se\/?page_id=201"},"modified":"2021-01-28T14:44:32","modified_gmt":"2021-01-28T13:44:32","slug":"speciella-behov","status":"publish","type":"page","link":"https:\/\/www.hotellsportandrest.se\/?page_id=201","title":{"rendered":"Speciella behov"},"content":{"rendered":"<p>[et_pb_section fb_built=&#8221;1&#8243; _builder_version=&#8221;4.7.7&#8243; _module_preset=&#8221;default&#8221; background_color=&#8221;#eeeeee&#8221; custom_padding=&#8221;10px||0px||false|false&#8221;][et_pb_row column_structure=&#8221;1_4,3_4&#8243; _builder_version=&#8221;4.7.7&#8243; _module_preset=&#8221;default&#8221; background_color=&#8221;#ffffff&#8221; custom_padding=&#8221;|20px||20px|false|false&#8221;][et_pb_column type=&#8221;1_4&#8243; _builder_version=&#8221;4.7.7&#8243; _module_preset=&#8221;default&#8221;][et_pb_menu _builder_version=&#8221;4.8.1&#8243; _module_preset=&#8221;78eedf77-0e81-4ad1-9dd2-44c1ce163249&#8243; hover_enabled=&#8221;0&#8243; menu_id=&#8221;6&#8243; sticky_enabled=&#8221;0&#8243;][\/et_pb_menu][\/et_pb_column][et_pb_column type=&#8221;3_4&#8243; _builder_version=&#8221;4.7.7&#8243; _module_preset=&#8221;default&#8221;][et_pb_image src=&#8221;https:\/\/www.hotellsportandrest.se\/wp-content\/uploads\/2021\/01\/thinkstockphotos-460068317.jpg&#8221; title_text=&#8221;thinkstockphotos-460068317&#8243; _builder_version=&#8221;4.7.7&#8243; _module_preset=&#8221;default&#8221;][\/et_pb_image][et_pb_post_title meta=&#8221;off&#8221; featured_image=&#8221;off&#8221; _builder_version=&#8221;4.7.7&#8243; _module_preset=&#8221;default&#8221; title_font_size=&#8221;50px&#8221;][\/et_pb_post_title][et_pb_text _builder_version=&#8221;4.7.7&#8243; _module_preset=&#8221;default&#8221;]<\/p>\n<p>Alla ska kunna trivas hos oss. Vi g\u00f6r v\u00e5rt b\u00e4sta f\u00f6r att f\u00f6renkla resandet f\u00f6r dig med speciella behov. Att allt p\u00e5 Hotell Sport &amp; Rest \u00e4r i ett plan och utan tr\u00f6sklar underl\u00e4ttar f\u00f6r dig med r\u00f6relsehinder.<\/p>\n<p><strong>Om du har n\u00e5got r\u00f6relsehinder:<\/strong><\/p>\n<ul>\n<li>Stor parkering i direkt anslutning till entr\u00e9n.<\/li>\n<li>Hela hotellet \u00e4r i ett plan och utan tr\u00f6sklar.<\/li>\n<li>Breda l\u00e4ttframkomliga korridorer.<\/li>\n<li>D\u00f6rr\u00f6ppningar till hotellrum och handikapptoalett \u00e4r 90 cm bred.<\/li>\n<li>Minst 80 cm fri yta p\u00e5 en sida av s\u00e4ngen.<\/li>\n<\/ul>\n<p> <strong>Om du \u00e4r allergisk:<\/strong><\/p>\n<ul>\n<li>Inga allergiframkallande dekorationer anv\u00e4nds.<\/li>\n<li>Har du n\u00e5gon matallergi s\u00e5 s\u00e4g till n\u00e4r du bokar s\u00e5 ordnar vi det till dig.<\/li>\n<li>Vi har tre allergirum d\u00e4r inga djur \u00e4r till\u00e5tna. Men f\u00f6r upplysning s\u00e5 \u00e4r det hundtill\u00e5tet i \u00f6vriga rum &#8211; s\u00e5 har ni kraftiga allergier s\u00e5 \u00e4r det kanske b\u00e4st att s\u00f6ka ett hundfritt hotell.<\/li>\n<\/ul>\n<p> <strong>Om du har nedsatt syn:<\/strong><\/p>\n<p><strong><\/strong><\/p>\n<ul>\n<li>Ledarhundar \u00e4r alltid till\u00e5tna hos oss p\u00e5 Hotell Sport &amp; Rest<\/li>\n<\/ul>\n<p>[\/et_pb_text][\/et_pb_column][\/et_pb_row][\/et_pb_section]<\/p>\n","protected":false},"excerpt":{"rendered":"<p>Alla ska kunna trivas hos oss. Vi g\u00f6r v\u00e5rt b\u00e4sta f\u00f6r att f\u00f6renkla resandet f\u00f6r dig med speciella behov. Att allt p\u00e5 Hotell Sport &amp; Rest \u00e4r i ett plan och utan tr\u00f6sklar underl\u00e4ttar f\u00f6r dig med r\u00f6relsehinder. Om du har n\u00e5got r\u00f6relsehinder: Stor parkering i direkt anslutning till entr\u00e9n. Hela hotellet \u00e4r i ett [&hellip;]<\/p>\n","protected":false},"author":2,"featured_media":0,"parent":0,"menu_order":0,"comment_status":"closed","ping_status":"closed","template":"","meta":{"_et_pb_use_builder":"on","_et_pb_old_content":"","_et_gb_content_width":"","footnotes":""},"class_list":["post-201","page","type-page","status-publish","hentry"],"_links":{"self":[{"href":"https:\/\/www.hotellsportandrest.se\/index.php?rest_route=\/wp\/v2\/pages\/201","targetHints":{"allow":["GET"]}}],"collection":[{"href":"https:\/\/www.hotellsportandrest.se\/index.php?rest_route=\/wp\/v2\/pages"}],"about":[{"href":"https:\/\/www.hotellsportandrest.se\/index.php?rest_route=\/wp\/v2\/types\/page"}],"author":[{"embeddable":true,"href":"https:\/\/www.hotellsportandrest.se\/index.php?rest_route=\/wp\/v2\/users\/2"}],"replies":[{"embeddable":true,"href":"https:\/\/www.hotellsportandrest.se\/index.php?rest_route=%2Fwp%2Fv2%2Fcomments&post=201"}],"version-history":[{"count":3,"href":"https:\/\/www.hotellsportandrest.se\/index.php?rest_route=\/wp\/v2\/pages\/201\/revisions"}],"predecessor-version":[{"id":259,"href":"https:\/\/www.hotellsportandrest.se\/index.php?rest_route=\/wp\/v2\/pages\/201\/revisions\/259"}],"wp:attachment":[{"href":"https:\/\/www.hotellsportandrest.se\/index.php?rest_route=%2Fwp%2Fv2%2Fmedia&parent=201"}],"curies":[{"name":"wp","href":"https:\/\/api.w.org\/{rel}","templated":true}]}}