{"id":64,"date":"2021-01-05T15:57:37","date_gmt":"2021-01-05T14:57:37","guid":{"rendered":"https:\/\/www.hotellsportandrest.se\/?page_id=64"},"modified":"2023-01-31T12:38:42","modified_gmt":"2023-01-31T11:38:42","slug":"camp-fagervik","status":"publish","type":"page","link":"https:\/\/www.hotellsportandrest.se\/?page_id=64","title":{"rendered":"CAMP FAGERVIK"},"content":{"rendered":"<p>[et_pb_section fb_built=&#8221;1&#8243; _builder_version=&#8221;4.16&#8243; _module_preset=&#8221;default&#8221; background_color=&#8221;#eee&#8221; custom_padding=&#8221;10px||0px||false|false&#8221; global_colors_info=&#8221;{}&#8221;][et_pb_row _builder_version=&#8221;4.16&#8243; _module_preset=&#8221;default&#8221; background_color=&#8221;#ffffff&#8221; custom_padding=&#8221;|30px||30px|false|false&#8221; global_colors_info=&#8221;{}&#8221;][et_pb_column type=&#8221;4_4&#8243; _builder_version=&#8221;4.16&#8243; _module_preset=&#8221;default&#8221; global_colors_info=&#8221;{}&#8221;][et_pb_image src=&#8221;https:\/\/www.hotellsportandrest.se\/wp-content\/uploads\/2021\/01\/fagervik3.jpg&#8221; title_text=&#8221;fagervik3&#8243; force_fullwidth=&#8221;on&#8221; _builder_version=&#8221;4.16&#8243; _module_preset=&#8221;default&#8221; global_colors_info=&#8221;{}&#8221;][\/et_pb_image][et_pb_post_title meta=&#8221;off&#8221; featured_image=&#8221;off&#8221; _builder_version=&#8221;4.16&#8243; _module_preset=&#8221;default&#8221; title_font_size=&#8221;55px&#8221; global_colors_info=&#8221;{}&#8221;][\/et_pb_post_title][et_pb_text _builder_version=&#8221;4.16&#8243; _module_preset=&#8221;default&#8221; global_colors_info=&#8221;{}&#8221;]<\/p>\n<p>Vi erbjuder enklare boende i vackra Fagervik, ca 12 km fr\u00e5n Pite\u00e5 Centrum (strax efter Lindb\u00e4cksstadion)<br \/>Detta boende \u00e4r optimalt f\u00f6r ett f\u00f6retag som beh\u00f6ver husera flera arbetare p\u00e5 samma plats under en l\u00e4ngre tid.<\/p>\n<p>Vi fr\u00e5gor kontakta oss p\u00e5 <a href=\"mailto:Info@hotellsportandrest.se\">Info@hotellsportandrest.se<\/a><br \/>Eller ring oss p\u00e5 0911-31310<\/p>\n<p>&nbsp;<\/p>\n<p>V\u00e4lkommen!<\/p>\n<p>&nbsp;<\/p>\n<p>[\/et_pb_text][\/et_pb_column][\/et_pb_row][\/et_pb_section]<\/p>\n","protected":false},"excerpt":{"rendered":"<p>Vi erbjuder enklare boende i vackra Fagervik, ca 12 km fr\u00e5n Pite\u00e5 Centrum (strax efter Lindb\u00e4cksstadion)Detta boende \u00e4r optimalt f\u00f6r ett f\u00f6retag som beh\u00f6ver husera flera arbetare p\u00e5 samma plats under en l\u00e4ngre tid. Vi fr\u00e5gor kontakta oss p\u00e5 Info@hotellsportandrest.seEller ring oss p\u00e5 0911-31310 &nbsp; V\u00e4lkommen! &nbsp;<\/p>\n","protected":false},"author":2,"featured_media":0,"parent":0,"menu_order":0,"comment_status":"closed","ping_status":"closed","template":"","meta":{"_et_pb_use_builder":"on","_et_pb_old_content":"","_et_gb_content_width":"","footnotes":""},"class_list":["post-64","page","type-page","status-publish","hentry"],"_links":{"self":[{"href":"https:\/\/www.hotellsportandrest.se\/index.php?rest_route=\/wp\/v2\/pages\/64","targetHints":{"allow":["GET"]}}],"collection":[{"href":"https:\/\/www.hotellsportandrest.se\/index.php?rest_route=\/wp\/v2\/pages"}],"about":[{"href":"https:\/\/www.hotellsportandrest.se\/index.php?rest_route=\/wp\/v2\/types\/page"}],"author":[{"embeddable":true,"href":"https:\/\/www.hotellsportandrest.se\/index.php?rest_route=\/wp\/v2\/users\/2"}],"replies":[{"embeddable":true,"href":"https:\/\/www.hotellsportandrest.se\/index.php?rest_route=%2Fwp%2Fv2%2Fcomments&post=64"}],"version-history":[{"count":3,"href":"https:\/\/www.hotellsportandrest.se\/index.php?rest_route=\/wp\/v2\/pages\/64\/revisions"}],"predecessor-version":[{"id":327,"href":"https:\/\/www.hotellsportandrest.se\/index.php?rest_route=\/wp\/v2\/pages\/64\/revisions\/327"}],"wp:attachment":[{"href":"https:\/\/www.hotellsportandrest.se\/index.php?rest_route=%2Fwp%2Fv2%2Fmedia&parent=64"}],"curies":[{"name":"wp","href":"https:\/\/api.w.org\/{rel}","templated":true}]}}